{"id":75,"date":"2023-03-24T06:55:22","date_gmt":"2023-03-24T06:55:22","guid":{"rendered":"https:\/\/cozystay.loftocean.com\/mountain-chalet\/?page_id=75"},"modified":"2025-07-11T13:04:13","modified_gmt":"2025-07-11T13:04:13","slug":"contact","status":"publish","type":"page","link":"https:\/\/villa-siena.fr\/fr\/contact\/","title":{"rendered":"Contact"},"content":{"rendered":"<div data-elementor-type=\"wp-page\" data-elementor-id=\"75\" class=\"elementor elementor-75\">\n\t\t\t\t\t\t<section class=\"elementor-section elementor-top-section elementor-element elementor-element-de5e28d elementor-section-height-min-height cs-section-content-fullwidth cs-parallax-on-scroll cs_scroll_y_80 elementor-section-boxed elementor-section-height-default elementor-section-items-middle\" data-id=\"de5e28d\" data-element_type=\"section\" data-e-type=\"section\" data-settings=\"{&quot;background_background&quot;:&quot;classic&quot;}\" data-cs-parallax-y=\"80\" style=\"background-image: none;\" data-cs-background-image=\"https:\/\/villa-siena.fr\/wp-content\/uploads\/2025\/07\/73efafbe-c8ce-4266-a921-1eadb27e7f9f.jpg\" data-cs-background-image-alt-text=\"\">\n\t\t\t\t\t\t\t<div class=\"elementor-background-overlay\"><\/div>\n\t\t\t\t\t\t\t<div class=\"elementor-container elementor-column-gap-no\">\n\t\t\t\t\t<div class=\"elementor-column elementor-col-100 elementor-top-column elementor-element elementor-element-5f97a0b dark-color\" data-id=\"5f97a0b\" data-element_type=\"column\" data-e-type=\"column\">\n\t\t\t<div class=\"elementor-widget-wrap elementor-element-populated\">\n\t\t\t\t\t\t<div class=\"elementor-element elementor-element-f3c2d2e elementor-widget elementor-widget-cs_title\" data-id=\"f3c2d2e\" data-element_type=\"widget\" data-e-type=\"widget\" data-widget_type=\"cs_title.default\">\n\t\t\t\t<div class=\"elementor-widget-container\">\n\t\t\t\t\t\n        <div class=\"cs-title-wrap text-center\">\t            <h1 class=\"cs-title\">\n\t                Contact\t            <\/h1>\t            <div class=\"cs-title-text\">\n\t                <p>Nous sommes l\u00e0 pour vous aider. N'h\u00e9sitez pas \u00e0 nous contacter pour toute question ou demande de r\u00e9servation et nous vous r\u00e9pondrons dans les plus brefs d\u00e9lais.\u00a0<\/p>\t            <\/div>        <\/div>\t\t\t\t<\/div>\n\t\t\t\t<\/div>\n\t\t\t\t\t<\/div>\n\t\t<\/div>\n\t\t\t\t\t<\/div>\n\t\t<\/section>\n\t\t\t\t<section class=\"elementor-section elementor-top-section elementor-element elementor-element-44764146 elementor-section-boxed elementor-section-height-default elementor-section-height-default\" data-id=\"44764146\" data-element_type=\"section\" data-e-type=\"section\" data-settings=\"{&quot;background_background&quot;:&quot;classic&quot;}\">\n\t\t\t\t\t\t<div class=\"elementor-container elementor-column-gap-no\">\n\t\t\t\t\t<div class=\"elementor-column elementor-col-50 elementor-top-column elementor-element elementor-element-43c4a1ad\" data-id=\"43c4a1ad\" data-element_type=\"column\" data-e-type=\"column\" data-settings=\"{&quot;background_background&quot;:&quot;classic&quot;}\">\n\t\t\t<div class=\"elementor-widget-wrap elementor-element-populated\">\n\t\t\t\t\t\t<div class=\"elementor-element elementor-element-2445f4fc elementor-widget elementor-widget-spacer\" data-id=\"2445f4fc\" data-element_type=\"widget\" data-e-type=\"widget\" data-widget_type=\"spacer.default\">\n\t\t\t\t<div class=\"elementor-widget-container\">\n\t\t\t\t\t\t\t<div class=\"elementor-spacer\">\n\t\t\t<div class=\"elementor-spacer-inner\"><\/div>\n\t\t<\/div>\n\t\t\t\t\t\t<\/div>\n\t\t\t\t<\/div>\n\t\t\t\t\t<\/div>\n\t\t<\/div>\n\t\t\t\t<div class=\"elementor-column elementor-col-50 elementor-top-column elementor-element elementor-element-4c1eb2f5\" data-id=\"4c1eb2f5\" data-element_type=\"column\" data-e-type=\"column\" data-settings=\"{&quot;background_background&quot;:&quot;classic&quot;}\">\n\t\t\t<div class=\"elementor-widget-wrap elementor-element-populated\">\n\t\t\t\t\t\t<div class=\"elementor-element elementor-element-36722586 elementor-widget elementor-widget-cs_title\" data-id=\"36722586\" data-element_type=\"widget\" data-e-type=\"widget\" data-widget_type=\"cs_title.default\">\n\t\t\t\t<div class=\"elementor-widget-container\">\n\t\t\t\t\t\n        <div class=\"cs-title-wrap\">\t            <h6 class=\"cs-title\">\n\t                Informations sur le contact\t            <\/h6>        <\/div>\t\t\t\t<\/div>\n\t\t\t\t<\/div>\n\t\t\t\t<div class=\"elementor-element elementor-element-781b88fa elementor-widget elementor-widget-cs_list\" data-id=\"781b88fa\" data-element_type=\"widget\" data-e-type=\"widget\" data-widget_type=\"cs_list.default\">\n\t\t\t\t<div class=\"elementor-widget-container\">\n\t\t\t\t\t\n            <ul class=\"cs-list cs-list-type-none with-border\">                <li>                    <span class=\"list-content\">83520 Roquebrune-sur-Argens<\/span>                <\/li>                <li>                    <span class=\"list-content\">Num\u00e9ro de t\u00e9l\u00e9phone : +32 473 63 62 02<\/span>                        <a class=\"list-link\" href=\"tel:+32473636202\" aria-label=\"List Item Link\"><\/a>                <\/li>                <li>                    <span class=\"list-content\">Courriel : welcome@villa-siena.fr\n\n<\/span>                        <a class=\"list-link\" href=\"mailto:%20welcome@villa-siena.fr\" aria-label=\"List Item Link\"><\/a>                <\/li>            <\/ul>\t\t\t\t<\/div>\n\t\t\t\t<\/div>\n\t\t\t\t<div class=\"elementor-element elementor-element-29601437 elementor-widget elementor-widget-cs_title\" data-id=\"29601437\" data-element_type=\"widget\" data-e-type=\"widget\" data-widget_type=\"cs_title.default\">\n\t\t\t\t<div class=\"elementor-widget-container\">\n\t\t\t\t\t\n        <div class=\"cs-title-wrap\">\t            <h6 class=\"cs-title\">\n\t                Entamons une conversation\t            <\/h6>        <\/div>\t\t\t\t<\/div>\n\t\t\t\t<\/div>\n\t\t\t\t<div class=\"elementor-element elementor-element-798ea157 elementor-widget elementor-widget-cs_form_cf7\" data-id=\"798ea157\" data-element_type=\"widget\" data-e-type=\"widget\" data-widget_type=\"cs_form_cf7.default\">\n\t\t\t\t<div class=\"elementor-widget-container\">\n\t\t\t\t\t            <div class=\"cs-form-cf7 placeholder-normal\">\n                <div class=\"cs-form-cf7-wrap\">\n<div class=\"wpcf7 no-js\" id=\"wpcf7-f7-o1\" lang=\"en-US\" dir=\"ltr\" data-wpcf7-id=\"7\">\n<div class=\"screen-reader-response\"><p role=\"status\" aria-live=\"polite\" aria-atomic=\"true\"><\/p> <ul><\/ul><\/div>\n<form action=\"\/fr\/wp-json\/wp\/v2\/pages\/75#wpcf7-f7-o1\" method=\"post\" class=\"wpcf7-form init\" aria-label=\"Contact form\" novalidate=\"novalidate\" data-status=\"init\" data-trp-original-action=\"\/fr\/wp-json\/wp\/v2\/pages\/75#wpcf7-f7-o1\">\n<fieldset class=\"hidden-fields-container\"><input type=\"hidden\" name=\"_wpcf7\" value=\"7\" \/><input type=\"hidden\" name=\"_wpcf7_version\" value=\"6.1.5\" \/><input type=\"hidden\" name=\"_wpcf7_locale\" value=\"en_US\" \/><input type=\"hidden\" name=\"_wpcf7_unit_tag\" value=\"wpcf7-f7-o1\" \/><input type=\"hidden\" name=\"_wpcf7_container_post\" value=\"0\" \/><input type=\"hidden\" name=\"_wpcf7_posted_data_hash\" value=\"\" \/>\n<\/fieldset>\n<p><label> Votre nom<br \/>\n<span class=\"wpcf7-form-control-wrap\" data-name=\"your-name\"><input size=\"40\" maxlength=\"400\" class=\"wpcf7-form-control wpcf7-text wpcf7-validates-as-required\" autocomplete=\"name\" aria-required=\"true\" aria-invalid=\"false\" value=\"\" type=\"text\" name=\"your-name\" \/><\/span> <\/label>\n<\/p>\n<p><label> Votre email<br \/>\n<span class=\"wpcf7-form-control-wrap\" data-name=\"your-email\"><input size=\"40\" maxlength=\"400\" class=\"wpcf7-form-control wpcf7-email wpcf7-validates-as-required wpcf7-text wpcf7-validates-as-email\" autocomplete=\"email\" aria-required=\"true\" aria-invalid=\"false\" value=\"\" type=\"email\" name=\"your-email\" \/><\/span> <\/label>\n<\/p>\n<p><label> Sujet<br \/>\n<span class=\"wpcf7-form-control-wrap\" data-name=\"your-subject\"><input size=\"40\" maxlength=\"400\" class=\"wpcf7-form-control wpcf7-text wpcf7-validates-as-required\" aria-required=\"true\" aria-invalid=\"false\" value=\"\" type=\"text\" name=\"your-subject\" \/><\/span> <\/label>\n<\/p>\n<p><label> Votre message (facultatif)<br \/>\n<span class=\"wpcf7-form-control-wrap\" data-name=\"your-message\"><textarea cols=\"40\" rows=\"10\" maxlength=\"2000\" class=\"wpcf7-form-control wpcf7-textarea\" aria-invalid=\"false\" name=\"your-message\"><\/textarea><\/span> <\/label>\n<\/p>\n<p><input class=\"wpcf7-form-control wpcf7-submit has-spinner\" type=\"submit\" value=\"Soumettre\" \/>\n<\/p><div class=\"wpcf7-response-output\" aria-hidden=\"true\"><\/div>\n<input type=\"hidden\" name=\"trp-form-language\" value=\"fr\"\/><\/form>\n<\/div>\n<\/div>\n            <\/div>\t\t\t\t<\/div>\n\t\t\t\t<\/div>\n\t\t\t\t\t<\/div>\n\t\t<\/div>\n\t\t\t\t\t<\/div>\n\t\t<\/section>\n\t\t\t\t<\/div>","protected":false},"excerpt":{"rendered":"<p>Contact We\u2019re here to help \u2014 reach out with any questions or booking inquiries and we&#8217;ll get back to you soon.\u00a0 Contact Information 83520 Roquebrune-sur-Argens Phone Number: +32 473 63 62 02 Email: welcome@villa-siena.fr Let&#8217;s start a conversation Your name Your email Subject Your message (optional)<\/p>","protected":false},"author":1,"featured_media":0,"parent":0,"menu_order":0,"comment_status":"closed","ping_status":"closed","template":"template-wide-content.php","meta":{"cozystay_single_page_hide_site_header":"","cozystay_single_page_site_header_source":"","cozystay_single_page_custom_site_header":"0","cozystay_single_page_custom_sticky_site_header":"0","cozystay_single_page_hide_page_title":"on","cozystay_single_page_header_section_size":"","cozystay_single_page_header_background_color":"","cozystay_single_page_header_background_position_x":"center","cozystay_single_page_header_background_position_y":"center","cozystay_single_page_header_background_size":"cover","cozystay_single_page_header_background_repeat":"off","cozystay_single_page_header_background_scroll":"on","cozystay_single_page_header_text_color":"","cozystay_single_page_header_show_breadcrumb":"","cozystay_single_page_site_footer_hide_main":"","cozystay_single_custom_site_footer_main_source":"","cozystay_single_custom_site_footer_main":"0","cozystay_single_page_site_footer_hide_above":"","cozystay_single_custom_site_footer_above_source":"","cozystay_single_custom_site_footer_above":"0","cozystay_single_page_site_footer_hide_instagram":"","cozystay_single_page_site_footer_hide_bottom":"","cozystay_single_custom_mobile_menu_source":"","cozystay_single_custom_mobile_menu":"0","cozystay_single_custom_mobile_menu_animation":"","cozystay_single_custom_mobile_menu_width":"","cozystay_single_custom_mobile_menu_custom_width":375,"footnotes":""},"class_list":["post-75","page","type-page","status-publish","hentry"],"yoast_head":"<!-- This site is optimized with the Yoast SEO plugin v27.3 - https:\/\/yoast.com\/product\/yoast-seo-wordpress\/ -->\n<title>Contact - Villa Siena<\/title>\n<meta name=\"robots\" content=\"index, follow, max-snippet:-1, max-image-preview:large, max-video-preview:-1\" \/>\n<link rel=\"canonical\" href=\"https:\/\/villa-siena.fr\/fr\/contact\/\" \/>\n<meta property=\"og:locale\" content=\"fr_FR\" \/>\n<meta property=\"og:type\" content=\"article\" \/>\n<meta property=\"og:title\" content=\"Contact - Villa Siena\" \/>\n<meta property=\"og:description\" content=\"Contact We\u2019re here to help \u2014 reach out with any questions or booking inquiries and we&#8217;ll get back to you soon.\u00a0 Contact Information 83520 Roquebrune-sur-Argens Phone Number: +32 473 63 62 02 Email: welcome@villa-siena.fr Let&#8217;s start a conversation Your name Your email Subject Your message (optional)\" \/>\n<meta property=\"og:url\" content=\"https:\/\/villa-siena.fr\/fr\/contact\/\" \/>\n<meta property=\"og:site_name\" content=\"Villa Siena\" \/>\n<meta property=\"article:modified_time\" content=\"2025-07-11T13:04:13+00:00\" \/>\n<meta name=\"twitter:card\" content=\"summary_large_image\" \/>\n<meta name=\"twitter:label1\" content=\"Dur\u00e9e de lecture estim\u00e9e\" \/>\n\t<meta name=\"twitter:data1\" content=\"1 minute\" \/>\n<script type=\"application\/ld+json\" class=\"yoast-schema-graph\">{\"@context\":\"https:\\\/\\\/schema.org\",\"@graph\":[{\"@type\":\"WebPage\",\"@id\":\"https:\\\/\\\/villa-siena.fr\\\/contact\\\/\",\"url\":\"https:\\\/\\\/villa-siena.fr\\\/contact\\\/\",\"name\":\"Contact - Villa Siena\",\"isPartOf\":{\"@id\":\"https:\\\/\\\/villa-siena.fr\\\/#website\"},\"datePublished\":\"2023-03-24T06:55:22+00:00\",\"dateModified\":\"2025-07-11T13:04:13+00:00\",\"breadcrumb\":{\"@id\":\"https:\\\/\\\/villa-siena.fr\\\/contact\\\/#breadcrumb\"},\"inLanguage\":\"fr-FR\",\"potentialAction\":[{\"@type\":\"ReadAction\",\"target\":[\"https:\\\/\\\/villa-siena.fr\\\/contact\\\/\"]}]},{\"@type\":\"BreadcrumbList\",\"@id\":\"https:\\\/\\\/villa-siena.fr\\\/contact\\\/#breadcrumb\",\"itemListElement\":[{\"@type\":\"ListItem\",\"position\":1,\"name\":\"Home\",\"item\":\"https:\\\/\\\/villa-siena.fr\\\/\"},{\"@type\":\"ListItem\",\"position\":2,\"name\":\"Contact\"}]},{\"@type\":\"WebSite\",\"@id\":\"https:\\\/\\\/villa-siena.fr\\\/#website\",\"url\":\"https:\\\/\\\/villa-siena.fr\\\/\",\"name\":\"Villa Siena\",\"description\":\"Maison d&#039;exception entre terre et merre\",\"publisher\":{\"@id\":\"https:\\\/\\\/villa-siena.fr\\\/#organization\"},\"potentialAction\":[{\"@type\":\"SearchAction\",\"target\":{\"@type\":\"EntryPoint\",\"urlTemplate\":\"https:\\\/\\\/villa-siena.fr\\\/?s={search_term_string}\"},\"query-input\":{\"@type\":\"PropertyValueSpecification\",\"valueRequired\":true,\"valueName\":\"search_term_string\"}}],\"inLanguage\":\"fr-FR\"},{\"@type\":\"Organization\",\"@id\":\"https:\\\/\\\/villa-siena.fr\\\/#organization\",\"name\":\"Villa Siena\",\"url\":\"https:\\\/\\\/villa-siena.fr\\\/\",\"logo\":{\"@type\":\"ImageObject\",\"inLanguage\":\"fr-FR\",\"@id\":\"https:\\\/\\\/villa-siena.fr\\\/#\\\/schema\\\/logo\\\/image\\\/\",\"url\":\"https:\\\/\\\/villa-siena.fr\\\/wp-content\\\/uploads\\\/2025\\\/07\\\/cropped-logo-1.pdf.png\",\"contentUrl\":\"https:\\\/\\\/villa-siena.fr\\\/wp-content\\\/uploads\\\/2025\\\/07\\\/cropped-logo-1.pdf.png\",\"width\":1998,\"height\":666,\"caption\":\"Villa Siena\"},\"image\":{\"@id\":\"https:\\\/\\\/villa-siena.fr\\\/#\\\/schema\\\/logo\\\/image\\\/\"}}]}<\/script>\n<!-- \/ Yoast SEO plugin. -->","yoast_head_json":{"title":"Contact - Villa Siena","robots":{"index":"index","follow":"follow","max-snippet":"max-snippet:-1","max-image-preview":"max-image-preview:large","max-video-preview":"max-video-preview:-1"},"canonical":"https:\/\/villa-siena.fr\/fr\/contact\/","og_locale":"fr_FR","og_type":"article","og_title":"Contact - Villa Siena","og_description":"Contact We\u2019re here to help \u2014 reach out with any questions or booking inquiries and we&#8217;ll get back to you soon.\u00a0 Contact Information 83520 Roquebrune-sur-Argens Phone Number: +32 473 63 62 02 Email: welcome@villa-siena.fr Let&#8217;s start a conversation Your name Your email Subject Your message (optional)","og_url":"https:\/\/villa-siena.fr\/fr\/contact\/","og_site_name":"Villa Siena","article_modified_time":"2025-07-11T13:04:13+00:00","twitter_card":"summary_large_image","twitter_misc":{"Dur\u00e9e de lecture estim\u00e9e":"1 minute"},"schema":{"@context":"https:\/\/schema.org","@graph":[{"@type":"WebPage","@id":"https:\/\/villa-siena.fr\/contact\/","url":"https:\/\/villa-siena.fr\/contact\/","name":"Contact - Villa Siena","isPartOf":{"@id":"https:\/\/villa-siena.fr\/#website"},"datePublished":"2023-03-24T06:55:22+00:00","dateModified":"2025-07-11T13:04:13+00:00","breadcrumb":{"@id":"https:\/\/villa-siena.fr\/contact\/#breadcrumb"},"inLanguage":"fr-FR","potentialAction":[{"@type":"ReadAction","target":["https:\/\/villa-siena.fr\/contact\/"]}]},{"@type":"BreadcrumbList","@id":"https:\/\/villa-siena.fr\/contact\/#breadcrumb","itemListElement":[{"@type":"ListItem","position":1,"name":"Home","item":"https:\/\/villa-siena.fr\/"},{"@type":"ListItem","position":2,"name":"Contact"}]},{"@type":"WebSite","@id":"https:\/\/villa-siena.fr\/#website","url":"https:\/\/villa-siena.fr\/","name":"Villa Siena","description":"Maison d'exception entre terre et merre","publisher":{"@id":"https:\/\/villa-siena.fr\/#organization"},"potentialAction":[{"@type":"SearchAction","target":{"@type":"EntryPoint","urlTemplate":"https:\/\/villa-siena.fr\/?s={search_term_string}"},"query-input":{"@type":"PropertyValueSpecification","valueRequired":true,"valueName":"search_term_string"}}],"inLanguage":"fr-FR"},{"@type":"Organization","@id":"https:\/\/villa-siena.fr\/#organization","name":"Villa Siena","url":"https:\/\/villa-siena.fr\/","logo":{"@type":"ImageObject","inLanguage":"fr-FR","@id":"https:\/\/villa-siena.fr\/#\/schema\/logo\/image\/","url":"https:\/\/villa-siena.fr\/wp-content\/uploads\/2025\/07\/cropped-logo-1.pdf.png","contentUrl":"https:\/\/villa-siena.fr\/wp-content\/uploads\/2025\/07\/cropped-logo-1.pdf.png","width":1998,"height":666,"caption":"Villa Siena"},"image":{"@id":"https:\/\/villa-siena.fr\/#\/schema\/logo\/image\/"}}]}},"_links":{"self":[{"href":"https:\/\/villa-siena.fr\/fr\/wp-json\/wp\/v2\/pages\/75","targetHints":{"allow":["GET"]}}],"collection":[{"href":"https:\/\/villa-siena.fr\/fr\/wp-json\/wp\/v2\/pages"}],"about":[{"href":"https:\/\/villa-siena.fr\/fr\/wp-json\/wp\/v2\/types\/page"}],"author":[{"embeddable":true,"href":"https:\/\/villa-siena.fr\/fr\/wp-json\/wp\/v2\/users\/1"}],"replies":[{"embeddable":true,"href":"https:\/\/villa-siena.fr\/fr\/wp-json\/wp\/v2\/comments?post=75"}],"version-history":[{"count":24,"href":"https:\/\/villa-siena.fr\/fr\/wp-json\/wp\/v2\/pages\/75\/revisions"}],"predecessor-version":[{"id":3074,"href":"https:\/\/villa-siena.fr\/fr\/wp-json\/wp\/v2\/pages\/75\/revisions\/3074"}],"wp:attachment":[{"href":"https:\/\/villa-siena.fr\/fr\/wp-json\/wp\/v2\/media?parent=75"}],"curies":[{"name":"wp","href":"https:\/\/api.w.org\/{rel}","templated":true}]}}