{"id":3,"date":"2025-04-28T10:19:49","date_gmt":"2025-04-28T10:19:49","guid":{"rendered":"https:\/\/villa-siena.wad.dev\/?page_id=3"},"modified":"2026-05-15T12:43:08","modified_gmt":"2026-05-15T12:43:08","slug":"privacy-policy","status":"publish","type":"page","link":"https:\/\/villa-siena.fr\/fr\/privacy-policy\/","title":{"rendered":"Politique de confidentialit\u00e9"},"content":{"rendered":"<div data-elementor-type=\"wp-page\" data-elementor-id=\"3\" class=\"elementor elementor-3\">\n\t\t\t\t<div class=\"elementor-element elementor-element-2b0d2ae8 e-flex e-con-boxed e-con e-parent\" data-id=\"2b0d2ae8\" data-element_type=\"container\" data-e-type=\"container\">\n\t\t\t\t\t<div class=\"e-con-inner\">\n\t\t\t\t<div class=\"elementor-element elementor-element-4e1f07be elementor-widget elementor-widget-text-editor\" data-id=\"4e1f07be\" data-element_type=\"widget\" data-e-type=\"widget\" data-widget_type=\"text-editor.default\">\n\t\t\t\t<div class=\"elementor-widget-container\">\n\t\t\t\t\t\t\t\t\t\n<h1 class=\"wp-block-heading\" data-section-id=\"1dp7kw\" data-start=\"0\" data-end=\"16\">\u00a0<\/h1>\n<h1 data-section-id=\"1dp7kw\" data-start=\"0\" data-end=\"16\">\u00a0<\/h1>\n<h1 data-section-id=\"1dp7kw\" data-start=\"0\" data-end=\"16\">\u00a0<\/h1>\n<h1 data-section-id=\"1dp7kw\" data-start=\"0\" data-end=\"16\">Politique de confidentialit\u00e9<\/h1>\n<p data-start=\"42\" data-end=\"353\">Bienvenue \u00e0 <a class=\"decorated-link\" href=\"https:\/\/villa-siena.fr\/fr\/?utm_source=chatgpt.com\" target=\"_new\" rel=\"noopener\" data-start=\"53\" data-end=\"114\">Villa Siena<\/a>.<br data-start=\"115\" data-end=\"118\" \/>Nous respectons votre vie priv\u00e9e et nous nous engageons \u00e0 prot\u00e9ger vos donn\u00e9es personnelles. Cette politique de confidentialit\u00e9 explique comment vos informations sont collect\u00e9es, utilis\u00e9es et prot\u00e9g\u00e9es lorsque vous visitez notre site web ou que vous nous contactez au sujet d'un s\u00e9jour \u00e0 la Villa Siena.<\/p>\n<h2 data-section-id=\"1snehqy\" data-start=\"355\" data-end=\"383\">1. Les informations que nous collectons<\/h2>\n<p data-start=\"385\" data-end=\"450\">Lors de l'utilisation de notre site web, nous pouvons recueillir les informations suivantes :<\/p>\n<ul data-start=\"452\" data-end=\"610\">\n<li data-section-id=\"1j3z0bz\" data-start=\"452\" data-end=\"458\">Nom<\/li>\n<li data-section-id=\"1c1efm\" data-start=\"459\" data-end=\"474\">Adresse \u00e9lectronique<\/li>\n<li data-section-id=\"1h37kgn\" data-start=\"475\" data-end=\"489\">Num\u00e9ro de t\u00e9l\u00e9phone<\/li>\n<li data-section-id=\"kv65gj\" data-start=\"490\" data-end=\"507\">D\u00e9tails de la r\u00e9servation<\/li>\n<li data-section-id=\"1w1hmsn\" data-start=\"508\" data-end=\"520\">Adresse IP<\/li>\n<li data-section-id=\"w266rf\" data-start=\"521\" data-end=\"553\">Informations sur le navigateur et l'appareil<\/li>\n<li data-section-id=\"1qsh5fg\" data-start=\"554\" data-end=\"610\">Donn\u00e9es d'utilisation du site web par le biais de cookies et d'outils d'analyse<\/li>\n<\/ul>\n<p data-start=\"612\" data-end=\"646\">Des informations peuvent \u00eatre collect\u00e9es lorsque<\/p>\n<ul data-start=\"647\" data-end=\"753\">\n<li data-section-id=\"1rkm513\" data-start=\"647\" data-end=\"674\">Remplir un formulaire de contact<\/li>\n<li data-section-id=\"vhi2b9\" data-start=\"675\" data-end=\"699\">Demande d'informations<\/li>\n<li data-section-id=\"1cwg02f\" data-start=\"700\" data-end=\"730\">Demande de r\u00e9servation<\/li>\n<li data-section-id=\"1brct1t\" data-start=\"731\" data-end=\"753\">Naviguer sur le site<\/li>\n<\/ul>\n<h2 data-section-id=\"103zwth\" data-start=\"755\" data-end=\"788\">2. Comment nous utilisons vos informations<\/h2>\n<p data-start=\"790\" data-end=\"818\">Vos informations sont utilis\u00e9es pour :<\/p>\n<ul data-start=\"820\" data-end=\"1042\">\n<li data-section-id=\"2j8sat\" data-start=\"820\" data-end=\"863\">R\u00e9pondre aux demandes de renseignements et de r\u00e9servation<\/li>\n<li data-section-id=\"qvp9o9\" data-start=\"864\" data-end=\"909\">G\u00e9rer les r\u00e9servations et la communication avec les clients<\/li>\n<li data-section-id=\"15s8bim\" data-start=\"910\" data-end=\"942\">Am\u00e9liorer l'exp\u00e9rience du site web<\/li>\n<li data-section-id=\"5g3ne1\" data-start=\"943\" data-end=\"984\">Analyser le trafic et les performances du site web<\/li>\n<li data-section-id=\"11dvi5b\" data-start=\"985\" data-end=\"1010\">Assurer la s\u00e9curit\u00e9 du site web<\/li>\n<li data-section-id=\"5qnlrg\" data-start=\"1011\" data-end=\"1042\">Respecter les obligations l\u00e9gales<\/li>\n<\/ul>\n<h2 data-section-id=\"101kdsv\" data-start=\"1044\" data-end=\"1069\">3. Cookies et analyses<\/h2>\n<p data-start=\"1071\" data-end=\"1177\">Ce site web utilise des cookies et des technologies similaires pour am\u00e9liorer l'exp\u00e9rience de l'utilisateur et analyser le trafic du site web.<\/p>\n<p data-start=\"1179\" data-end=\"1190\">Nous pouvons utiliser :<\/p>\n<ul data-start=\"1191\" data-end=\"1322\">\n<li data-section-id=\"nuyzs1\" data-start=\"1191\" data-end=\"1210\">Cookies essentiels<\/li>\n<li data-section-id=\"1iq2n3c\" data-start=\"1211\" data-end=\"1257\">Cookies d'analyse (tels que Google Analytics)<\/li>\n<li data-section-id=\"fcazk0\" data-start=\"1258\" data-end=\"1322\">Cookies marketing ou publicitaires (tels que Meta\/Facebook Pixel)<\/li>\n<\/ul>\n<p data-start=\"1324\" data-end=\"1438\">Vous pouvez g\u00e9rer ou d\u00e9sactiver les cookies par le biais des param\u00e8tres de votre navigateur ou de la banni\u00e8re de cookies affich\u00e9e sur le site web.<\/p>\n<h2 data-section-id=\"t6h81\" data-start=\"1440\" data-end=\"1466\">4. Services de tiers<\/h2>\n<p data-start=\"1468\" data-end=\"1573\">Nous pouvons travailler avec des fournisseurs tiers de confiance pour exploiter le site web et le processus de r\u00e9servation, y compris :<\/p>\n<ul data-start=\"1575\" data-end=\"1691\">\n<li data-section-id=\"1qp0ygd\" data-start=\"1575\" data-end=\"1594\">Plateformes de r\u00e9servation<\/li>\n<li data-section-id=\"1oj9b2y\" data-start=\"1595\" data-end=\"1614\">Fournisseurs d'h\u00e9bergement<\/li>\n<li data-section-id=\"1e6b64s\" data-start=\"1615\" data-end=\"1636\">Fournisseurs d'analyses<\/li>\n<li data-section-id=\"zp7f23\" data-start=\"1637\" data-end=\"1661\">Plateformes de m\u00e9dias sociaux<\/li>\n<li data-section-id=\"h5xabn\" data-start=\"1662\" data-end=\"1691\">Services de publicit\u00e9 en ligne<\/li>\n<\/ul>\n<p data-start=\"1693\" data-end=\"1793\">Ces tiers peuvent traiter des donn\u00e9es personnelles limit\u00e9es uniquement lorsque cela est n\u00e9cessaire pour fournir leurs services.<\/p>\n<h2 data-section-id=\"c0j831\" data-start=\"1795\" data-end=\"1816\">5. Protection des donn\u00e9es<\/h2>\n<p data-start=\"1818\" data-end=\"1963\">Nous prenons des mesures techniques et organisationnelles appropri\u00e9es pour prot\u00e9ger vos donn\u00e9es \u00e0 caract\u00e8re personnel contre tout acc\u00e8s non autoris\u00e9, perte, utilisation abusive ou divulgation.<\/p>\n<h2 data-section-id=\"1vgfduh\" data-start=\"1965\" data-end=\"1985\">6. Conservation des donn\u00e9es<\/h2>\n<p data-start=\"1987\" data-end=\"2046\">Les donn\u00e9es \u00e0 caract\u00e8re personnel ne sont conserv\u00e9es que le temps n\u00e9cessaire pour :<\/p>\n<ul data-start=\"2047\" data-end=\"2148\">\n<li data-section-id=\"1dsvsup\" data-start=\"2047\" data-end=\"2070\">fournir nos services,<\/li>\n<li data-section-id=\"i0m7ds\" data-start=\"2071\" data-end=\"2103\">se conformer aux obligations l\u00e9gales,<\/li>\n<li data-section-id=\"1mrf155\" data-start=\"2104\" data-end=\"2123\">r\u00e9soudre les litiges,<\/li>\n<li data-section-id=\"1snlkgo\" data-start=\"2124\" data-end=\"2148\">ou faire appliquer des accords.<\/li>\n<\/ul>\n<h2 data-section-id=\"i8ta1q\" data-start=\"2150\" data-end=\"2167\">7. Vos droits<\/h2>\n<p data-start=\"2169\" data-end=\"2243\">En fonction de votre situation g\u00e9ographique et des lois applicables, vous pouvez avoir le droit de.. :<\/p>\n<ul data-start=\"2245\" data-end=\"2418\">\n<li data-section-id=\"131l9lh\" data-start=\"2245\" data-end=\"2272\">Acc\u00e9der \u00e0 vos donn\u00e9es personnelles<\/li>\n<li data-section-id=\"xglea3\" data-start=\"2273\" data-end=\"2305\">Corriger les informations inexactes<\/li>\n<li data-section-id=\"1xet2xx\" data-start=\"2306\" data-end=\"2337\">Demander la suppression de vos donn\u00e9es<\/li>\n<li data-section-id=\"23is3w\" data-start=\"2338\" data-end=\"2372\">Restreindre le traitement ou s'y opposer<\/li>\n<li data-section-id=\"18ytkas\" data-start=\"2373\" data-end=\"2391\">Retrait du consentement<\/li>\n<li data-section-id=\"14e2a7m\" data-start=\"2392\" data-end=\"2418\">Demander la portabilit\u00e9 des donn\u00e9es<\/li>\n<\/ul>\n<p data-start=\"2420\" data-end=\"2492\">Pour exercer ces droits, veuillez nous contacter en utilisant les informations ci-dessous.<\/p>\n<h2 data-section-id=\"3j270z\" data-start=\"2494\" data-end=\"2507\">8. Contact<\/h2>\n<p data-start=\"2509\" data-end=\"2596\">Pour toute question concernant la pr\u00e9sente politique de confidentialit\u00e9 ou vos donn\u00e9es personnelles, vous pouvez contacter :<\/p>\n<p data-start=\"2598\" data-end=\"2699\">Villa Siena<br data-start=\"2609\" data-end=\"2612\" \/>Roquebrune-sur-Argens, France<br data-start=\"2641\" data-end=\"2644\" \/>Courriel : <a class=\"decorated-link cursor-pointer\" rel=\"noopener\" data-start=\"2651\" data-end=\"2673\">welcome@villa-siena.fr<\/a><br data-start=\"2673\" data-end=\"2676\" \/>T\u00e9l\u00e9phone : +32 473 63 62 02 +32 473 63 62 02<\/p>\n<h2 data-section-id=\"1917196\" data-start=\"2701\" data-end=\"2729\">9. Modifications de la pr\u00e9sente politique<\/h2>\n<p data-start=\"2731\" data-end=\"2854\" data-is-last-node=\"\" data-is-only-node=\"\">La Villa Siena se r\u00e9serve le droit de mettre \u00e0 jour cette politique de confidentialit\u00e9 \u00e0 tout moment. Toute modification sera publi\u00e9e sur cette page.<\/p>\t\t\t\t\t\t\t\t<\/div>\n\t\t\t\t<\/div>\n\t\t\t\t\t<\/div>\n\t\t\t\t<\/div>\n\t\t\t\t<\/div>","protected":false},"excerpt":{"rendered":"<p>\u00a0 \u00a0 \u00a0 Privacy Policy Welcome to Villa Siena.We respect your privacy and are committed to protecting your personal data. This Privacy Policy explains how your information is collected, used, and protected when visiting our website or contacting us regarding a stay at Villa Siena. 1. Information We Collect When using our website, we may &#8230;<\/p>","protected":false},"author":1,"featured_media":0,"parent":0,"menu_order":0,"comment_status":"closed","ping_status":"closed","template":"elementor_header_footer","meta":{"cozystay_single_page_hide_site_header":"","cozystay_single_page_site_header_source":"","cozystay_single_page_custom_site_header":"0","cozystay_single_page_custom_sticky_site_header":"0","cozystay_single_page_hide_page_title":"","cozystay_single_page_header_section_size":"","cozystay_single_page_header_background_color":"","cozystay_single_page_header_background_position_x":"center","cozystay_single_page_header_background_position_y":"center","cozystay_single_page_header_background_size":"cover","cozystay_single_page_header_background_repeat":"off","cozystay_single_page_header_background_scroll":"on","cozystay_single_page_header_text_color":"","cozystay_single_page_header_show_breadcrumb":"","cozystay_single_page_site_footer_hide_main":"","cozystay_single_custom_site_footer_main_source":"","cozystay_single_custom_site_footer_main":"0","cozystay_single_page_site_footer_hide_above":"","cozystay_single_custom_site_footer_above_source":"","cozystay_single_custom_site_footer_above":"0","cozystay_single_page_site_footer_hide_instagram":"","cozystay_single_page_site_footer_hide_bottom":"","cozystay_single_custom_mobile_menu_source":"","cozystay_single_custom_mobile_menu":"0","cozystay_single_custom_mobile_menu_animation":"","cozystay_single_custom_mobile_menu_width":"","cozystay_single_custom_mobile_menu_custom_width":375,"footnotes":""},"class_list":["post-3","page","type-page","status-publish","hentry"],"yoast_head":"<!-- This site is optimized with the Yoast SEO plugin v27.3 - https:\/\/yoast.com\/product\/yoast-seo-wordpress\/ -->\n<title>Privacy Policy - Villa Siena<\/title>\n<meta name=\"robots\" content=\"index, follow, max-snippet:-1, max-image-preview:large, max-video-preview:-1\" \/>\n<link rel=\"canonical\" href=\"https:\/\/villa-siena.fr\/fr\/privacy-policy\/\" \/>\n<meta property=\"og:locale\" content=\"fr_FR\" \/>\n<meta property=\"og:type\" content=\"article\" \/>\n<meta property=\"og:title\" content=\"Privacy Policy - Villa Siena\" \/>\n<meta property=\"og:description\" content=\"\u00a0 \u00a0 \u00a0 Privacy Policy Welcome to Villa Siena.We respect your privacy and are committed to protecting your personal data. This Privacy Policy explains how your information is collected, used, and protected when visiting our website or contacting us regarding a stay at Villa Siena. 1. Information We Collect When using our website, we may ...\" \/>\n<meta property=\"og:url\" content=\"https:\/\/villa-siena.fr\/fr\/privacy-policy\/\" \/>\n<meta property=\"og:site_name\" content=\"Villa Siena\" \/>\n<meta property=\"article:modified_time\" content=\"2026-05-15T12:43:08+00:00\" \/>\n<meta name=\"twitter:card\" content=\"summary_large_image\" \/>\n<meta name=\"twitter:label1\" content=\"Dur\u00e9e de lecture estim\u00e9e\" \/>\n\t<meta name=\"twitter:data1\" content=\"2 minutes\" \/>\n<script type=\"application\/ld+json\" class=\"yoast-schema-graph\">{\"@context\":\"https:\\\/\\\/schema.org\",\"@graph\":[{\"@type\":\"WebPage\",\"@id\":\"https:\\\/\\\/villa-siena.fr\\\/privacy-policy\\\/\",\"url\":\"https:\\\/\\\/villa-siena.fr\\\/privacy-policy\\\/\",\"name\":\"Privacy Policy - Villa Siena\",\"isPartOf\":{\"@id\":\"https:\\\/\\\/villa-siena.fr\\\/#website\"},\"datePublished\":\"2025-04-28T10:19:49+00:00\",\"dateModified\":\"2026-05-15T12:43:08+00:00\",\"breadcrumb\":{\"@id\":\"https:\\\/\\\/villa-siena.fr\\\/privacy-policy\\\/#breadcrumb\"},\"inLanguage\":\"fr-FR\",\"potentialAction\":[{\"@type\":\"ReadAction\",\"target\":[\"https:\\\/\\\/villa-siena.fr\\\/privacy-policy\\\/\"]}]},{\"@type\":\"BreadcrumbList\",\"@id\":\"https:\\\/\\\/villa-siena.fr\\\/privacy-policy\\\/#breadcrumb\",\"itemListElement\":[{\"@type\":\"ListItem\",\"position\":1,\"name\":\"Home\",\"item\":\"https:\\\/\\\/villa-siena.fr\\\/\"},{\"@type\":\"ListItem\",\"position\":2,\"name\":\"Privacy Policy\"}]},{\"@type\":\"WebSite\",\"@id\":\"https:\\\/\\\/villa-siena.fr\\\/#website\",\"url\":\"https:\\\/\\\/villa-siena.fr\\\/\",\"name\":\"Villa Siena\",\"description\":\"Maison d&#039;exception entre terre et merre\",\"publisher\":{\"@id\":\"https:\\\/\\\/villa-siena.fr\\\/#organization\"},\"potentialAction\":[{\"@type\":\"SearchAction\",\"target\":{\"@type\":\"EntryPoint\",\"urlTemplate\":\"https:\\\/\\\/villa-siena.fr\\\/?s={search_term_string}\"},\"query-input\":{\"@type\":\"PropertyValueSpecification\",\"valueRequired\":true,\"valueName\":\"search_term_string\"}}],\"inLanguage\":\"fr-FR\"},{\"@type\":\"Organization\",\"@id\":\"https:\\\/\\\/villa-siena.fr\\\/#organization\",\"name\":\"Villa Siena\",\"url\":\"https:\\\/\\\/villa-siena.fr\\\/\",\"logo\":{\"@type\":\"ImageObject\",\"inLanguage\":\"fr-FR\",\"@id\":\"https:\\\/\\\/villa-siena.fr\\\/#\\\/schema\\\/logo\\\/image\\\/\",\"url\":\"https:\\\/\\\/villa-siena.fr\\\/wp-content\\\/uploads\\\/2025\\\/07\\\/cropped-logo-1.pdf.png\",\"contentUrl\":\"https:\\\/\\\/villa-siena.fr\\\/wp-content\\\/uploads\\\/2025\\\/07\\\/cropped-logo-1.pdf.png\",\"width\":1998,\"height\":666,\"caption\":\"Villa Siena\"},\"image\":{\"@id\":\"https:\\\/\\\/villa-siena.fr\\\/#\\\/schema\\\/logo\\\/image\\\/\"}}]}<\/script>\n<!-- \/ Yoast SEO plugin. -->","yoast_head_json":{"title":"Privacy Policy - Villa Siena","robots":{"index":"index","follow":"follow","max-snippet":"max-snippet:-1","max-image-preview":"max-image-preview:large","max-video-preview":"max-video-preview:-1"},"canonical":"https:\/\/villa-siena.fr\/fr\/privacy-policy\/","og_locale":"fr_FR","og_type":"article","og_title":"Privacy Policy - Villa Siena","og_description":"\u00a0 \u00a0 \u00a0 Privacy Policy Welcome to Villa Siena.We respect your privacy and are committed to protecting your personal data. This Privacy Policy explains how your information is collected, used, and protected when visiting our website or contacting us regarding a stay at Villa Siena. 1. Information We Collect When using our website, we may ...","og_url":"https:\/\/villa-siena.fr\/fr\/privacy-policy\/","og_site_name":"Villa Siena","article_modified_time":"2026-05-15T12:43:08+00:00","twitter_card":"summary_large_image","twitter_misc":{"Dur\u00e9e de lecture estim\u00e9e":"2 minutes"},"schema":{"@context":"https:\/\/schema.org","@graph":[{"@type":"WebPage","@id":"https:\/\/villa-siena.fr\/privacy-policy\/","url":"https:\/\/villa-siena.fr\/privacy-policy\/","name":"Privacy Policy - Villa Siena","isPartOf":{"@id":"https:\/\/villa-siena.fr\/#website"},"datePublished":"2025-04-28T10:19:49+00:00","dateModified":"2026-05-15T12:43:08+00:00","breadcrumb":{"@id":"https:\/\/villa-siena.fr\/privacy-policy\/#breadcrumb"},"inLanguage":"fr-FR","potentialAction":[{"@type":"ReadAction","target":["https:\/\/villa-siena.fr\/privacy-policy\/"]}]},{"@type":"BreadcrumbList","@id":"https:\/\/villa-siena.fr\/privacy-policy\/#breadcrumb","itemListElement":[{"@type":"ListItem","position":1,"name":"Home","item":"https:\/\/villa-siena.fr\/"},{"@type":"ListItem","position":2,"name":"Privacy Policy"}]},{"@type":"WebSite","@id":"https:\/\/villa-siena.fr\/#website","url":"https:\/\/villa-siena.fr\/","name":"Villa Siena","description":"Maison d'exception entre terre et merre","publisher":{"@id":"https:\/\/villa-siena.fr\/#organization"},"potentialAction":[{"@type":"SearchAction","target":{"@type":"EntryPoint","urlTemplate":"https:\/\/villa-siena.fr\/?s={search_term_string}"},"query-input":{"@type":"PropertyValueSpecification","valueRequired":true,"valueName":"search_term_string"}}],"inLanguage":"fr-FR"},{"@type":"Organization","@id":"https:\/\/villa-siena.fr\/#organization","name":"Villa Siena","url":"https:\/\/villa-siena.fr\/","logo":{"@type":"ImageObject","inLanguage":"fr-FR","@id":"https:\/\/villa-siena.fr\/#\/schema\/logo\/image\/","url":"https:\/\/villa-siena.fr\/wp-content\/uploads\/2025\/07\/cropped-logo-1.pdf.png","contentUrl":"https:\/\/villa-siena.fr\/wp-content\/uploads\/2025\/07\/cropped-logo-1.pdf.png","width":1998,"height":666,"caption":"Villa Siena"},"image":{"@id":"https:\/\/villa-siena.fr\/#\/schema\/logo\/image\/"}}]}},"_links":{"self":[{"href":"https:\/\/villa-siena.fr\/fr\/wp-json\/wp\/v2\/pages\/3","targetHints":{"allow":["GET"]}}],"collection":[{"href":"https:\/\/villa-siena.fr\/fr\/wp-json\/wp\/v2\/pages"}],"about":[{"href":"https:\/\/villa-siena.fr\/fr\/wp-json\/wp\/v2\/types\/page"}],"author":[{"embeddable":true,"href":"https:\/\/villa-siena.fr\/fr\/wp-json\/wp\/v2\/users\/1"}],"replies":[{"embeddable":true,"href":"https:\/\/villa-siena.fr\/fr\/wp-json\/wp\/v2\/comments?post=3"}],"version-history":[{"count":4,"href":"https:\/\/villa-siena.fr\/fr\/wp-json\/wp\/v2\/pages\/3\/revisions"}],"predecessor-version":[{"id":3241,"href":"https:\/\/villa-siena.fr\/fr\/wp-json\/wp\/v2\/pages\/3\/revisions\/3241"}],"wp:attachment":[{"href":"https:\/\/villa-siena.fr\/fr\/wp-json\/wp\/v2\/media?parent=3"}],"curies":[{"name":"wp","href":"https:\/\/api.w.org\/{rel}","templated":true}]}}